{"id":10,"date":"2026-02-20T16:43:56","date_gmt":"2026-02-20T16:43:56","guid":{"rendered":"https:\/\/nosoloventas.com\/?page_id=10"},"modified":"2026-04-06T15:08:57","modified_gmt":"2026-04-06T15:08:57","slug":"el-padrenuestro-de-las-ventas","status":"publish","type":"page","link":"https:\/\/nosoloventas.com\/","title":{"rendered":"El padrenuestro de las ventas"},"content":{"rendered":"\t\t<div data-elementor-type=\"wp-page\" data-elementor-id=\"10\" class=\"elementor elementor-10\" data-elementor-post-type=\"page\">\n\t\t\t\t<div class=\"elementor-element elementor-element-a28d7ef e-flex e-con-boxed e-con e-parent\" data-id=\"a28d7ef\" data-element_type=\"container\" data-e-type=\"container\" data-settings=\"{&quot;background_background&quot;:&quot;classic&quot;}\">\n\t\t\t\t\t<div class=\"e-con-inner\">\n\t\t\t\t<div class=\"elementor-element elementor-element-58e8baa elementor-widget__width-initial elementor-widget-mobile__width-inherit elementor-widget elementor-widget-image\" data-id=\"58e8baa\" data-element_type=\"widget\" data-e-type=\"widget\" data-widget_type=\"image.default\">\n\t\t\t\t\t\t\t\t\t\t\t\t\t\t\t<img fetchpriority=\"high\" decoding=\"async\" width=\"1024\" height=\"104\" src=\"https:\/\/nosoloventas.com\/wp-content\/uploads\/2026\/02\/989eac44-d58a-4af3-bfb6-78a2ef5976d4-1024x104.png\" class=\"attachment-large size-large wp-image-16\" alt=\"\" srcset=\"https:\/\/nosoloventas.com\/wp-content\/uploads\/2026\/02\/989eac44-d58a-4af3-bfb6-78a2ef5976d4-1024x104.png 1024w, https:\/\/nosoloventas.com\/wp-content\/uploads\/2026\/02\/989eac44-d58a-4af3-bfb6-78a2ef5976d4-300x30.png 300w, https:\/\/nosoloventas.com\/wp-content\/uploads\/2026\/02\/989eac44-d58a-4af3-bfb6-78a2ef5976d4-768x78.png 768w, https:\/\/nosoloventas.com\/wp-content\/uploads\/2026\/02\/989eac44-d58a-4af3-bfb6-78a2ef5976d4-1536x155.png 1536w, https:\/\/nosoloventas.com\/wp-content\/uploads\/2026\/02\/989eac44-d58a-4af3-bfb6-78a2ef5976d4-2048x207.png 2048w\" sizes=\"(max-width: 1024px) 100vw, 1024px\" \/>\t\t\t\t\t\t\t\t\t\t\t\t\t\t\t<\/div>\n\t\t\t\t\t<\/div>\n\t\t\t\t<\/div>\n\t\t<div class=\"elementor-element elementor-element-789b8ba e-flex e-con-boxed e-con e-parent\" data-id=\"789b8ba\" data-element_type=\"container\" data-e-type=\"container\" data-settings=\"{&quot;background_background&quot;:&quot;classic&quot;}\">\n\t\t\t\t\t<div class=\"e-con-inner\">\n\t\t\t\t<div class=\"elementor-element elementor-element-2a223d7 elementor-widget elementor-widget-heading\" data-id=\"2a223d7\" data-element_type=\"widget\" data-e-type=\"widget\" data-widget_type=\"heading.default\">\n\t\t\t\t\t<h2 class=\"elementor-heading-title elementor-size-default\">Aprende a vender sin rezar un <i>padrenuestro<\/i> cada vez que dices tu precio.<\/h2>\t\t\t\t<\/div>\n\t\t\t\t<div class=\"elementor-element elementor-element-7d958a5 elementor-widget elementor-widget-heading\" data-id=\"7d958a5\" data-element_type=\"widget\" data-e-type=\"widget\" data-widget_type=\"heading.default\">\n\t\t\t\t\t<h2 class=\"elementor-heading-title elementor-size-default\">La mayor\u00eda de gente que vende poco no tiene un problema de marketing.<\/br>\n<br>Tiene miedos.<\/br>\n<br>Demasiados miedos.<\/br><\/h2>\t\t\t\t<\/div>\n\t\t<div class=\"elementor-element elementor-element-c1af20f e-con-full e-flex e-con e-child\" data-id=\"c1af20f\" data-element_type=\"container\" data-e-type=\"container\" data-settings=\"{&quot;background_background&quot;:&quot;classic&quot;}\">\n\t\t\t\t<div class=\"elementor-element elementor-element-0a23a92 elementor-widget elementor-widget-heading\" data-id=\"0a23a92\" data-element_type=\"widget\" data-e-type=\"widget\" data-widget_type=\"heading.default\">\n\t\t\t\t\t<h2 class=\"elementor-heading-title elementor-size-default\">Sigue leyendo solo si te identificas con <u>al menos una<\/u> de estas frases:<\/h2>\t\t\t\t<\/div>\n\t\t\t\t<div class=\"elementor-element elementor-element-7cee352 elementor-widget elementor-widget-heading\" data-id=\"7cee352\" data-element_type=\"widget\" data-e-type=\"widget\" data-widget_type=\"heading.default\">\n\t\t\t\t\t<h2 class=\"elementor-heading-title elementor-size-default\">\u2714\ufe0f Te cuesta decir tu precio sin empezar a justificarlo antes de terminar la frase.<\/br>\n<br>\n\u2714\ufe0f Has pensado m\u00e1s de una vez: \u201cs\u00e9 que soy bueno\u2026\" pero tu cuenta no opina lo mismo.\u201d<\/br>\n<br>\n\u2714\ufe0f Consigues llamadas, reuniones o mensajes\u2026 pero muchos acaban en\n\u201cme lo tengo que pensar\u201d.<\/br>\n<br>\n\u2714\ufe0f Has bajado precios solo para no perder al cliente.<\/br>\n<br>\n\u2714\ufe0f Te descubres regalando tiempo, ideas o propuestas esperando que eso haga que compren (y a\u00fan sabiendo que no pasar\u00e1, lo sigues haciendo).<\/br><\/h2>\t\t\t\t<\/div>\n\t\t\t\t<\/div>\n\t\t<div class=\"elementor-element elementor-element-e26a602 e-con-full e-flex e-con e-child\" data-id=\"e26a602\" data-element_type=\"container\" data-e-type=\"container\" data-settings=\"{&quot;background_background&quot;:&quot;classic&quot;}\">\n\t\t\t\t<div class=\"elementor-element elementor-element-0b3f04e elementor-widget elementor-widget-heading\" data-id=\"0b3f04e\" data-element_type=\"widget\" data-e-type=\"widget\" data-widget_type=\"heading.default\">\n\t\t\t\t\t<h2 class=\"elementor-heading-title elementor-size-default\">Me lo tem\u00eda.<\/h2>\t\t\t\t<\/div>\n\t\t\t\t<div class=\"elementor-element elementor-element-ca1cb0c elementor-widget elementor-widget-heading\" data-id=\"ca1cb0c\" data-element_type=\"widget\" data-e-type=\"widget\" data-widget_type=\"heading.default\">\n\t\t\t\t\t<h2 class=\"elementor-heading-title elementor-size-default\">El vendedor promedio cree que necesita:<\/br>\n<br>\nM\u00e1s marketing<\/br>\n<br>\nM\u00e1s seguidores<\/br>\n<br>\nM\u00e1s visibilidad<\/br>\n<br>\nM\u00e1s contenido<\/br>\n<br>\nPero no, el problema aparece antes de todo eso que no necesitas todav\u00eda.<\/br>\n<br>\nPor eso voy a regalarte algo incluso antes de contarte qui\u00e9n soy.<\/br>\n<br>\nPorque esto no va de m\u00ed.<\/br>\n<br>\nVa de ti.<\/br>\n<br>\nY de tus ventas, <i>porssssupuesto<\/i>.<\/br><\/h2>\t\t\t\t<\/div>\n\t\t\t\t<\/div>\n\t\t<div class=\"elementor-element elementor-element-4842dfc e-con-full e-flex e-con e-child\" data-id=\"4842dfc\" data-element_type=\"container\" data-e-type=\"container\" data-settings=\"{&quot;background_background&quot;:&quot;classic&quot;}\">\n\t\t\t\t<div class=\"elementor-element elementor-element-6e719b1 elementor-widget elementor-widget-heading\" data-id=\"6e719b1\" data-element_type=\"widget\" data-e-type=\"widget\" data-widget_type=\"heading.default\">\n\t\t\t\t\t<h2 class=\"elementor-heading-title elementor-size-default\">No voy a regalarte un ebook ni otro pdf m\u00e1s que vas a descargar y no leer nunca.<\/h2>\t\t\t\t<\/div>\n\t\t\t\t<div class=\"elementor-element elementor-element-e903cc0 elementor-widget elementor-widget-heading\" data-id=\"e903cc0\" data-element_type=\"widget\" data-e-type=\"widget\" data-widget_type=\"heading.default\">\n\t\t\t\t\t<h2 class=\"elementor-heading-title elementor-size-default\">Porque eso es lo que pasa con cualquier ebook gratis, que acaba en el cementerio de pdf's.<\/br>\n<br>\nNo voy a darte algo para que lo guardes \u201cpara luego\u201d.<\/br>\n<br>\nPorque luego nunca llega.<\/br>\n<br>\nLo que voy a hacer es diferente.<\/br>\n<br>\nCuando dejes tu email te llevar\u00e9 a una p\u00e1gina privada donde est\u00e1 tu regalo.<\/br>\n<br>\nUna p\u00e1gina sencilla.<\/br>\n<br>\nSin descargas.<\/br>\n<br>\nSin PDFs.<\/br>\n<br>\nSin botones de \u201cguardar\u201d.<\/br>\n<br>\nSolo lectura.<\/br>\n<br>\nPodr\u00e1s leerlo ahora.<\/br>\n<br>\nO cuando te llegue al correo.<\/br>\n<br>\nPero no estar\u00e1 ah\u00ed para siempre.<\/br>\n<br>\nDe hecho, desaparecer\u00e1 cuando me apetezca quitarla.<\/br>\n<br>\nNo porque quiera crear urgencia artificial.<\/br>\n<br>\nSino porque lo importante no es acumular informaci\u00f3n.<\/br>\n<br>\nEs usarla.<\/br>\n<br>\nQu\u00e9 pasar\u00e1 despu\u00e9s:<\/br>\n<br>\nCuando entres, empezar\u00e1s a recibir un email m\u00edo cada d\u00eda.<\/br>\n<br>\nAlgunos te gustar\u00e1n.<\/br>\n<br>\nOtros quiz\u00e1 no.<\/br>\n<br>\nPuedes leerlos\u2026 o ignorarlos.<\/br>\n<br>\nNadie te obligar\u00e1.<\/br>\n<br>\nPero si decides leerlos, probablemente empezar\u00e1s a ver las ventas de otra manera.<\/br><\/h2>\t\t\t\t<\/div>\n\t\t\t\t<\/div>\n\t\t<div class=\"elementor-element elementor-element-1b985eb e-con-full e-flex e-con e-child\" data-id=\"1b985eb\" data-element_type=\"container\" data-e-type=\"container\" data-settings=\"{&quot;background_background&quot;:&quot;classic&quot;}\">\n\t\t\t\t<div class=\"elementor-element elementor-element-104514d elementor-widget elementor-widget-heading\" data-id=\"104514d\" data-element_type=\"widget\" data-e-type=\"widget\" data-widget_type=\"heading.default\">\n\t\t\t\t\t<h2 class=\"elementor-heading-title elementor-size-default\">Tu regalo:<\/br>\n<br>\n\"C\u00f3mo no tener verg\u00fcenza (ni darla) cuando vendes lo que sea que vendas\"<\/h2>\t\t\t\t<\/div>\n\t\t\t\t<div class=\"elementor-element elementor-element-a05bf52 elementor-widget elementor-widget-heading\" data-id=\"a05bf52\" data-element_type=\"widget\" data-e-type=\"widget\" data-widget_type=\"heading.default\">\n\t\t\t\t\t<h2 class=\"elementor-heading-title elementor-size-default\">\nEs una p\u00e1gina privada a la que tendr\u00e1s acceso despu\u00e9s de registrarte.<\/br>\n<br>\nAh\u00ed encontrar\u00e1s algo mucho m\u00e1s \u00fatil:<\/br>\n<br>\nLas ideas, frases y peque\u00f1os cambios que hacen que vender deje de sentirse inc\u00f3modo. Dicho por alguien (yo) que sabe de lo que habla y que m\u00e1s abajo te cuento por qu\u00e9.<\/br>\n<br>\nPorque casi nadie tiene un problema de producto.<\/br>\n<br>\nTiene un problema de c\u00f3mo se presenta, c\u00f3mo habla y c\u00f3mo se posiciona cuando llega el momento de cobrar.<\/br>\n<br>\nDentro descubrir\u00e1s:<\/br>\n<br>\n\u2714 Las palabras que hacen que parezcas barato sin darte cuenta.<\/br>\n<br>\n\u2714 Por qu\u00e9 algunos clientes dudan incluso cuando necesitan lo que haces.<\/br>\n<br>\n\u2714 C\u00f3mo dejar de sonar inseguro sin convertirte en un vendedor agresivo.<\/br>\n<br>\n\u2714 El error silencioso que hace que trabajes m\u00e1s de lo que cobras.<\/br>\n<br>\n\u2714 C\u00f3mo cerrar m\u00e1s ventas sin rebajar precios y que dejen de decirte \"me lo pienso y te digo algo\".<\/br>\n<br>\nAqu\u00ed abajo:<\/h2>\t\t\t\t<\/div>\n\t\t\t\t<div class=\"elementor-element elementor-element-4b6cb26 elementor-button-align-stretch elementor-widget elementor-widget-form\" data-id=\"4b6cb26\" data-element_type=\"widget\" data-e-type=\"widget\" data-settings=\"{&quot;step_next_label&quot;:&quot;Next&quot;,&quot;step_previous_label&quot;:&quot;Previous&quot;,&quot;button_width&quot;:&quot;100&quot;,&quot;step_type&quot;:&quot;number_text&quot;,&quot;step_icon_shape&quot;:&quot;circle&quot;}\" data-widget_type=\"form.default\">\n\t\t\t\t\t\t\t<form class=\"elementor-form\" method=\"post\" name=\"New Form\" aria-label=\"New Form\">\n\t\t\t<input type=\"hidden\" name=\"post_id\" value=\"10\"\/>\n\t\t\t<input type=\"hidden\" name=\"form_id\" value=\"4b6cb26\"\/>\n\t\t\t<input type=\"hidden\" name=\"referer_title\" value=\"\" \/>\n\n\t\t\t\t\t\t\t<input type=\"hidden\" name=\"queried_id\" value=\"10\"\/>\n\t\t\t\n\t\t\t<div class=\"elementor-form-fields-wrapper elementor-labels-above\">\n\t\t\t\t\t\t\t\t<div class=\"elementor-field-type-email elementor-field-group elementor-column elementor-field-group-email elementor-col-100 elementor-field-required\">\n\t\t\t\t\t\t\t\t\t\t\t\t<label for=\"form-field-email\" class=\"elementor-field-label\">\n\t\t\t\t\t\t\t\tTu correo (el de verdad, donde te mandan las tarjetas de embarque y la declaraci\u00f3n de la renta):\t\t\t\t\t\t\t<\/label>\n\t\t\t\t\t\t\t\t\t\t\t\t\t\t<input size=\"1\" type=\"email\" name=\"form_fields[email]\" id=\"form-field-email\" class=\"elementor-field elementor-size-sm  elementor-field-textual\" placeholder=\"Email\" required=\"required\">\n\t\t\t\t\t\t\t\t\t\t\t<\/div>\n\t\t\t\t\t\t\t\t<div class=\"elementor-field-group elementor-column elementor-field-type-submit elementor-col-100 e-form__buttons\">\n\t\t\t\t\t<button class=\"elementor-button elementor-size-sm\" type=\"submit\">\n\t\t\t\t\t\t<span class=\"elementor-button-content-wrapper\">\n\t\t\t\t\t\t\t\t\t\t\t\t\t\t\t\t\t\t\t\t\t\t<span class=\"elementor-button-text\">Ver la p\u00e1gina privada<\/span>\n\t\t\t\t\t\t\t\t\t\t\t\t\t<\/span>\n\t\t\t\t\t<\/button>\n\t\t\t\t<\/div>\n\t\t\t<\/div>\n\t\t<\/form>\n\t\t\t\t\t\t<\/div>\n\t\t\t\t<\/div>\n\t\t<div class=\"elementor-element elementor-element-b257c5e e-con-full e-flex e-con e-child\" data-id=\"b257c5e\" data-element_type=\"container\" data-e-type=\"container\" data-settings=\"{&quot;background_background&quot;:&quot;classic&quot;}\">\n\t\t\t\t<div class=\"elementor-element elementor-element-290dcf7 elementor-widget elementor-widget-heading\" data-id=\"290dcf7\" data-element_type=\"widget\" data-e-type=\"widget\" data-widget_type=\"heading.default\">\n\t\t\t\t\t<h2 class=\"elementor-heading-title elementor-size-default\">Este soy yo:<\/h2>\t\t\t\t<\/div>\n\t\t\t\t<div class=\"elementor-element elementor-element-f804b65 elementor-widget elementor-widget-image\" data-id=\"f804b65\" data-element_type=\"widget\" data-e-type=\"widget\" data-widget_type=\"image.default\">\n\t\t\t\t\t\t\t\t\t\t\t\t\t\t\t<img decoding=\"async\" width=\"1024\" height=\"681\" src=\"https:\/\/nosoloventas.com\/wp-content\/uploads\/2026\/02\/DSC_0011-1024x681.jpg\" class=\"attachment-large size-large wp-image-22\" alt=\"\" srcset=\"https:\/\/nosoloventas.com\/wp-content\/uploads\/2026\/02\/DSC_0011-1024x681.jpg 1024w, https:\/\/nosoloventas.com\/wp-content\/uploads\/2026\/02\/DSC_0011-300x199.jpg 300w, https:\/\/nosoloventas.com\/wp-content\/uploads\/2026\/02\/DSC_0011-768x511.jpg 768w, https:\/\/nosoloventas.com\/wp-content\/uploads\/2026\/02\/DSC_0011-1536x1021.jpg 1536w, https:\/\/nosoloventas.com\/wp-content\/uploads\/2026\/02\/DSC_0011-2048x1362.jpg 2048w\" sizes=\"(max-width: 1024px) 100vw, 1024px\" \/>\t\t\t\t\t\t\t\t\t\t\t\t\t\t\t<\/div>\n\t\t\t\t<div class=\"elementor-element elementor-element-5590ad2 elementor-widget elementor-widget-heading\" data-id=\"5590ad2\" data-element_type=\"widget\" data-e-type=\"widget\" data-widget_type=\"heading.default\">\n\t\t\t\t\t<h2 class=\"elementor-heading-title elementor-size-default\">Te esperabas encontrarte aqu\u00ed a alguien sin pelos en <s>los huevos<\/s> la barba pero dici\u00e9ndote que lleva m\u00e1s a\u00f1os vendiendo que t\u00fa viviendo, \u00bfverdad?<\/br>\n<br>\nPues no.<\/br>\n<br>\nSoy Daniel.<\/br>\n<br>\nY llevo m\u00e1s de 30 a\u00f1os vendiendo.<\/br>\n<br>\nY un poco m\u00e1s de 50 viviendo.<\/br>\n<br>\nSin embudos m\u00e1gicos.<\/br>\n<br>\nSin palabras en ingl\u00e9s que suenan importantes.<\/br>\n<br>\nVendiendo de verdad.<\/br>\n<br>\nA clientes reales.<\/br>\n<br>\nCon conversaciones inc\u00f3modas.<\/br>\n<br>\nPicando puertas hasta que se abren.<\/br>\n<br>\nY aprendiendo \u2014muchas veces a golpes\u2014 qu\u00e9 hace que alguien compre\u2026 y qu\u00e9 hace que no.<\/br>\n<br>\nDurante a\u00f1os pens\u00e9 que vender bien era saber convencer.<\/br>\n<br>\nHasta que entend\u00ed algo mucho m\u00e1s simple:<\/br>\n<br>\nLa mayor\u00eda no falla por falta de t\u00e9cnicas.<\/br>\n<br>\nFalla porque siente incomodidad cuando llega el momento de cobrar.<\/br>\n<br>\nY esa incomodidad se nota porque la llevas dentro.<\/br>\n<br>\nPor eso existe Nosoloventas.com.<\/br>\n<br>\nNo para ense\u00f1arte a vender m\u00e1s (que tambi\u00e9n).<\/br>\n<br>\nSino para que vender deje de pesarte.<\/br><\/h2>\t\t\t\t<\/div>\n\t\t\t\t<\/div>\n\t\t<div class=\"elementor-element elementor-element-49469b2 e-con-full e-flex e-con e-child\" data-id=\"49469b2\" data-element_type=\"container\" data-e-type=\"container\" data-settings=\"{&quot;background_background&quot;:&quot;classic&quot;}\">\n\t\t\t\t<div class=\"elementor-element elementor-element-2bcc4f4 elementor-button-align-stretch elementor-widget elementor-widget-form\" data-id=\"2bcc4f4\" data-element_type=\"widget\" data-e-type=\"widget\" data-settings=\"{&quot;step_next_label&quot;:&quot;Next&quot;,&quot;step_previous_label&quot;:&quot;Previous&quot;,&quot;button_width&quot;:&quot;100&quot;,&quot;step_type&quot;:&quot;number_text&quot;,&quot;step_icon_shape&quot;:&quot;circle&quot;}\" data-widget_type=\"form.default\">\n\t\t\t\t\t\t\t<form class=\"elementor-form\" method=\"post\" name=\"New Form\" aria-label=\"New Form\">\n\t\t\t<input type=\"hidden\" name=\"post_id\" value=\"10\"\/>\n\t\t\t<input type=\"hidden\" name=\"form_id\" value=\"2bcc4f4\"\/>\n\t\t\t<input type=\"hidden\" name=\"referer_title\" value=\"\" \/>\n\n\t\t\t\t\t\t\t<input type=\"hidden\" name=\"queried_id\" value=\"10\"\/>\n\t\t\t\n\t\t\t<div class=\"elementor-form-fields-wrapper elementor-labels-above\">\n\t\t\t\t\t\t\t\t<div class=\"elementor-field-type-email elementor-field-group elementor-column elementor-field-group-email elementor-col-100 elementor-field-required\">\n\t\t\t\t\t\t\t\t\t\t\t\t<label for=\"form-field-email\" class=\"elementor-field-label\">\n\t\t\t\t\t\t\t\tSeguimos por aqu\u00ed:\t\t\t\t\t\t\t<\/label>\n\t\t\t\t\t\t\t\t\t\t\t\t\t\t<input size=\"1\" type=\"email\" name=\"form_fields[email]\" id=\"form-field-email\" class=\"elementor-field elementor-size-sm  elementor-field-textual\" placeholder=\"Email\" required=\"required\">\n\t\t\t\t\t\t\t\t\t\t\t<\/div>\n\t\t\t\t\t\t\t\t<div class=\"elementor-field-group elementor-column elementor-field-type-submit elementor-col-100 e-form__buttons\">\n\t\t\t\t\t<button class=\"elementor-button elementor-size-sm\" type=\"submit\">\n\t\t\t\t\t\t<span class=\"elementor-button-content-wrapper\">\n\t\t\t\t\t\t\t\t\t\t\t\t\t\t\t\t\t\t\t\t\t\t<span class=\"elementor-button-text\">Ver la p\u00e1gina privada<\/span>\n\t\t\t\t\t\t\t\t\t\t\t\t\t<\/span>\n\t\t\t\t\t<\/button>\n\t\t\t\t<\/div>\n\t\t\t<\/div>\n\t\t<\/form>\n\t\t\t\t\t\t<\/div>\n\t\t\t\t<\/div>\n\t\t\t\t\t<\/div>\n\t\t\t\t<\/div>\n\t\t\t\t<\/div>\n\t\t","protected":false},"excerpt":{"rendered":"<p>Aprende a vender sin rezar un padrenuestro cada vez que dices tu precio. La mayor\u00eda de gente que vende poco no tiene un problema de marketing. Tiene miedos. Demasiados miedos. Sigue leyendo solo si te identificas con al menos una de estas frases: \u2714\ufe0f Te cuesta decir tu precio sin empezar a justificarlo antes de [&hellip;]<\/p>\n","protected":false},"author":1,"featured_media":0,"parent":0,"menu_order":0,"comment_status":"closed","ping_status":"closed","template":"elementor_canvas","meta":{"footnotes":""},"class_list":["post-10","page","type-page","status-publish","hentry","entry"],"_links":{"self":[{"href":"https:\/\/nosoloventas.com\/index.php\/wp-json\/wp\/v2\/pages\/10","targetHints":{"allow":["GET"]}}],"collection":[{"href":"https:\/\/nosoloventas.com\/index.php\/wp-json\/wp\/v2\/pages"}],"about":[{"href":"https:\/\/nosoloventas.com\/index.php\/wp-json\/wp\/v2\/types\/page"}],"author":[{"embeddable":true,"href":"https:\/\/nosoloventas.com\/index.php\/wp-json\/wp\/v2\/users\/1"}],"replies":[{"embeddable":true,"href":"https:\/\/nosoloventas.com\/index.php\/wp-json\/wp\/v2\/comments?post=10"}],"version-history":[{"count":58,"href":"https:\/\/nosoloventas.com\/index.php\/wp-json\/wp\/v2\/pages\/10\/revisions"}],"predecessor-version":[{"id":76,"href":"https:\/\/nosoloventas.com\/index.php\/wp-json\/wp\/v2\/pages\/10\/revisions\/76"}],"wp:attachment":[{"href":"https:\/\/nosoloventas.com\/index.php\/wp-json\/wp\/v2\/media?parent=10"}],"curies":[{"name":"wp","href":"https:\/\/api.w.org\/{rel}","templated":true}]}}